{"id":22,"date":"2015-08-09T19:08:06","date_gmt":"2015-08-09T17:08:06","guid":{"rendered":"http:\/\/www.luzern-potsdam.ch\/?page_id=22"},"modified":"2026-04-19T18:06:57","modified_gmt":"2026-04-19T17:06:57","slug":"veranstaltungen","status":"publish","type":"page","link":"https:\/\/www.luzern-potsdam.ch\/?page_id=22","title":{"rendered":"Veranstaltungen"},"content":{"rendered":"<p>\n\n\n<h1 class=\"wp-block-heading\" id=\"veranstaltungen\"><strong>Veranstaltungen<\/strong><\/h1>\n\n\n<\/p>\n<p>\n\n\n<\/p><p>Unser Verein schl\u00e4ft nicht. Das ganze Jahr finden immer wieder verschiedene Anl\u00e4sse statt. Von Mitgliederreisen \u00fcber Sportveranstaltungen bis Filmvorf\u00fchrungen. Nat\u00fcrlich immer mit einem Bezug zu Potsdam. <\/p>\n\n\n<p>Es w\u00fcrde uns freuen, wenn wir Sie an einer unserer Veranstaltungen begr\u00fcssen d\u00fcrfen. <\/p>\n<p>\n\n\n<hr class=\"wp-block-separator has-alpha-channel-opacity\"\/>\n\n\n<\/p>\n\n\n<figure class=\"wp-block-embed is-type-wp-embed is-provider-verein-st-dtepartnerschaft-luzern-potsdam wp-block-embed-verein-st-dtepartnerschaft-luzern-potsdam\"><div class=\"wp-block-embed__wrapper\">\n<blockquote class=\"wp-embedded-content\" data-secret=\"9APpkPFSSL\"><a href=\"https:\/\/www.luzern-potsdam.ch\/?page_id=608\">Anmeldung Generalversammlung 2026<\/a><\/blockquote><iframe loading=\"lazy\" class=\"wp-embedded-content\" sandbox=\"allow-scripts\" security=\"restricted\" style=\"position: absolute; visibility: hidden;\" title=\"&#8222;Anmeldung Generalversammlung 2026&#8220; &#8211; Verein St\u00e4dtepartnerschaft Luzern-Potsdam\" src=\"https:\/\/www.luzern-potsdam.ch\/?page_id=608&#038;embed=true#?secret=P9sSqQILmV#?secret=9APpkPFSSL\" data-secret=\"9APpkPFSSL\" width=\"500\" height=\"282\" frameborder=\"0\" marginwidth=\"0\" marginheight=\"0\" scrolling=\"no\"><\/iframe>\n<\/div><\/figure>\n\n\n\n<hr class=\"wp-block-separator has-alpha-channel-opacity\"\/>\n\n\n\n<p>Vorank\u00fcndigung der Schlussveranstaltung mit der <strong>Potsdamer K\u00fcnstlerin Jenny Alten<\/strong><br \/>im Neubad Luzern am <strong>Dienstag, 9. Juni, ab 18.30 Uhr<\/strong> (weiter Details folgen)<\/p>\n\n\n\n<p>Aus&nbsp;Potsdam&nbsp;werden weitere G\u00e4ste anwesend sein wie:<\/p>\n\n\n\n<ul class=\"wp-block-list\">\n<li>Solange Lingnau, Mitarbeiterin Kultur Stadt&nbsp;Potsdam<\/li>\n\n\n\n<li>Isabell Sommer, Mitarbeiterin int. Beziehungen Stadt&nbsp;Potsdam<\/li>\n<\/ul>\n\n\n\n<hr class=\"wp-block-separator has-alpha-channel-opacity\"\/>\n\n\n<div data-post-id=\"758\" class=\"insert-page insert-page-758 \"><h1 class='insert-page-title'>Ausschreibung und Anmeldung Mitgliederreise nach Potsdam Juni 2026<\/h1>\n<figure class=\"wp-block-image is-resized\"><img loading=\"lazy\" decoding=\"async\" width=\"330\" height=\"212\" src=\"https:\/\/www.luzern-potsdam.ch\/wp-content\/uploads\/2026\/02\/marmorpalais.jpeg\" alt=\"Marmorpalais\" class=\"wp-image-1226\" style=\"width:560px;height:auto\" srcset=\"https:\/\/www.luzern-potsdam.ch\/wp-content\/uploads\/2026\/02\/marmorpalais.jpeg 330w, https:\/\/www.luzern-potsdam.ch\/wp-content\/uploads\/2026\/02\/marmorpalais-300x193.jpeg 300w, https:\/\/www.luzern-potsdam.ch\/wp-content\/uploads\/2026\/02\/marmorpalais-311x200.jpeg 311w\" sizes=\"auto, (max-width: 330px) 100vw, 330px\" \/><\/figure>\n\n\n\n<p><\/p>\n\n\n\n<p><strong>Die wichtigsten Eckdaten:<\/strong><\/p>\n\n\n\n<ul class=\"wp-block-list\">\n<li><strong>Reise durch Potsdam <\/strong><br \/>  <\/li>\n\n\n\n<li><strong>Datum 4.6. bis 7.6. 2026 <\/strong><br \/>  <\/li>\n\n\n\n<li><strong>Anreise\/ R\u00fcckreise individuell<\/strong><br \/>  <\/li>\n\n\n\n<li><strong>Unterkunft: ist vorreserviert im Hotel Holiday Inn Express<\/strong><\/li>\n<\/ul>\n\n\n\n<p>Anmeldung:<\/p>\n\n\n\n<div class=\"wp-block-contact-form-7-contact-form-selector\">\n<div class=\"wpcf7 no-js\" id=\"wpcf7-f757-o1\" lang=\"de-DE\" dir=\"ltr\" data-wpcf7-id=\"757\">\n<div class=\"screen-reader-response\"><p role=\"status\" aria-live=\"polite\" aria-atomic=\"true\"><\/p> <ul><\/ul><\/div>\n<form action=\"\/index.php?rest_route=%2Fwp%2Fv2%2Fpages%2F22#wpcf7-f757-o1\" method=\"post\" class=\"wpcf7-form init\" aria-label=\"Kontaktformular\" novalidate=\"novalidate\" data-status=\"init\">\n<fieldset class=\"hidden-fields-container\"><input type=\"hidden\" name=\"_wpcf7\" value=\"757\" \/><input type=\"hidden\" name=\"_wpcf7_version\" value=\"6.1.5\" \/><input type=\"hidden\" name=\"_wpcf7_locale\" value=\"de_DE\" \/><input type=\"hidden\" name=\"_wpcf7_unit_tag\" value=\"wpcf7-f757-o1\" \/><input type=\"hidden\" name=\"_wpcf7_container_post\" value=\"0\" \/><input type=\"hidden\" name=\"_wpcf7_posted_data_hash\" value=\"\" \/><input type=\"hidden\" name=\"_wpcf7_recaptcha_response\" value=\"\" \/>\n<\/fieldset>\n<p><label> Ihr Name<br \/>\n<span class=\"wpcf7-form-control-wrap\" data-name=\"your-name\"><input size=\"40\" maxlength=\"400\" class=\"wpcf7-form-control wpcf7-text wpcf7-validates-as-required\" aria-required=\"true\" aria-invalid=\"false\" value=\"\" type=\"text\" name=\"your-name\" \/><\/span> <\/label>\n<\/p>\n<p><label> Ihre E-Mail-Adresse<br \/>\n<span class=\"wpcf7-form-control-wrap\" data-name=\"your-email\"><input size=\"40\" maxlength=\"400\" class=\"wpcf7-form-control wpcf7-email wpcf7-validates-as-required wpcf7-text wpcf7-validates-as-email\" aria-required=\"true\" aria-invalid=\"false\" value=\"\" type=\"email\" name=\"your-email\" \/><\/span> <\/label>\n<\/p>\n<p><label> Kommen Sie alleine oder mit Begleitung?<br \/>\n<span class=\"wpcf7-form-control-wrap\" data-name=\"checkbox-172\"><span class=\"wpcf7-form-control wpcf7-checkbox wpcf7-validates-as-required wpcf7-exclusive-checkbox\"><span class=\"wpcf7-list-item first\"><label><input type=\"checkbox\" name=\"checkbox-172\" value=\"Alleine\" \/><span class=\"wpcf7-list-item-label\">Alleine<\/span><\/label><\/span><span class=\"wpcf7-list-item last\"><label><input type=\"checkbox\" name=\"checkbox-172\" value=\"Mit Begleitung\" \/><span class=\"wpcf7-list-item-label\">Mit Begleitung<\/span><\/label><\/span><\/span><\/span><br \/>\n<\/label><label> <\/label>\n<\/p>\n<h2>\n<\/h2>\n<p><label> Name Begleitung<br \/>\n<span class=\"wpcf7-form-control-wrap\" data-name=\"name-begleitung\"><input size=\"40\" maxlength=\"400\" class=\"wpcf7-form-control wpcf7-text\" aria-invalid=\"false\" value=\"\" type=\"text\" name=\"name-begleitung\" \/><\/span><br \/>\n<\/label><label> <\/label>\n<\/p>\n<h2>\n<\/h2>\n<p><label> Ihre Nachricht<br \/>\n<span class=\"wpcf7-form-control-wrap\" data-name=\"text-492\"><input size=\"40\" maxlength=\"400\" class=\"wpcf7-form-control wpcf7-text\" aria-invalid=\"false\" value=\"\" type=\"text\" name=\"text-492\" \/><\/span><br \/>\n<input class=\"wpcf7-form-control wpcf7-submit has-spinner\" type=\"submit\" value=\"Senden\" \/><\/label>\n<\/p><div class=\"wpcf7-response-output\" aria-hidden=\"true\"><\/div>\n<\/form>\n<\/div>\n<\/div>\n\n\n\n<p><strong>Programm vor Ort (provisorisch)<\/strong>\n<\/p>\n\n\n\n<p><strong>Donnerstag 4.6<\/strong>\n<\/p>\n\n\n\n<p>\n  Treffpunkt zum Mittagessen. Danach Fahrt zur Glienicker Br\u00fccke und von dort eine F\u00fchrung durch die verbotene Stadt. Gro\u00dfe Teile der Stadt Potsdam waren Sperrgebiet \u2013 kein Potsdamer hatte Zutritt. Wir erfahren mehr \u00fcber die Arbeit und das Leben in dieser Verbotenen Stadt.\n<\/p>\n\n\n\n<p><strong>Freitag 5.6. <\/strong>\n<\/p>\n\n\n\n<p><strong>Ausflug zur Heilst\u00e4tte Beelitz<\/strong>\n<\/p>\n\n\n\n<p>\n  Die zwischen 1898 und 1930 wurde die Lungenheilst\u00e4tten Beelitz-Heilst\u00e4tten erreichtet. Es ist ein <a href=\"https:\/\/de.wikipedia.org\/wiki\/Denkmalschutz\">denkmalgesch\u00fctztes<\/a> Ensemble von 60 Geb\u00e4uden auf einer Gesamtfl\u00e4che von rund 200&nbsp;<a href=\"https:\/\/de.wikipedia.org\/wiki\/Hektar\">Hektar<\/a>. Im <a href=\"https:\/\/de.wikipedia.org\/wiki\/Erster_Weltkrieg\">Ersten<\/a> und <a href=\"https:\/\/de.wikipedia.org\/wiki\/Zweiter_Weltkrieg\">Zweiten Weltkrieg<\/a> dienten die Beelitz-Heilst\u00e4tten als <a href=\"https:\/\/de.wikipedia.org\/wiki\/Lazarett\">Lazarett<\/a> und <a href=\"https:\/\/de.wikipedia.org\/wiki\/Sanatorium\">Sanatorium<\/a> f\u00fcr erkrankte und verwundete Soldaten. Das Gel\u00e4nde wurde 1945 von der <a href=\"https:\/\/de.wikipedia.org\/wiki\/Gruppe_der_Sowjetischen_Streitkr%C3%A4fte_in_Deutschland\">Roten Armee<\/a> \u00fcbernommen. Heute ist eine weitl\u00e4ufige Parkanlage in der wir ein Teil der alten Geb\u00e4ude besichtigen und erleben, wie die Natur sich Lebensr\u00e4ume zur\u00fcckerobert.\n<\/p>\n\n\n\n<p><strong>NA Abend:<\/strong> Spaziergang und Abendessen Quartierzentrum Friedrich-Reinsch-Haus, inkl Treffen mit unseren Potsdamer Freunden. \n<\/p>\n\n\n\n<p><strong>Samstag 6.6. <\/strong>\n<\/p>\n\n\n\n<p><strong>VM Observatorium mit F\u00fchrung <\/strong>\n<\/p>\n\n\n\n<p>\n  Das URANIA-Planetarium <strong>Potsdam<\/strong> ist ein interaktives Sternentheater, das mit einer 360\u00b0-Projektion das Weltall auf die Erde holt.\n<\/p>\n\n\n\n<p><strong>NA Jagdschloss Stern<\/strong>\n<\/p>\n\n\n\n<p>\n  Jagdschloss Stern ist der einzige Schlossbau von \u201ePreu\u00dfens gr\u00f6\u00dftem inneren K\u00f6nig\u201c. Gef\u00fchrt werden wir von Lothar M\u00fcller, (Ehemann von Birgit M\u00fcller, der Pr\u00e4sidentin Potsdam\/Luzern) \n<\/p>\n\n\n\n<p><strong>Abend gem. Nachtessen<\/strong> mit den Teilnehmern des Schl\u00f6sserlaufs. \n<\/p>\n\n\n\n<p><strong>Sonntag 7.6. Marmorpalais <\/strong>\n<\/p>\n\n\n\n<p>\n  Das Marmorpalais ist ein Schloss im Neuen Garten in Potsdam. Es war das Sommerschloss K\u00f6nig Friedrich Wilhelms II. von Preu\u00dfen.\n<\/p>\n\n\n\n<p><strong>R\u00fcckreise Individuell <\/strong>\n<\/p>\n<\/div>","protected":false},"excerpt":{"rendered":"<p>CONTENTS<\/p>\n","protected":false},"author":1,"featured_media":0,"parent":0,"menu_order":0,"comment_status":"closed","ping_status":"open","template":"","meta":{"footnotes":""},"class_list":["post-22","page","type-page","status-publish","hentry"],"_links":{"self":[{"href":"https:\/\/www.luzern-potsdam.ch\/index.php?rest_route=\/wp\/v2\/pages\/22","targetHints":{"allow":["GET"]}}],"collection":[{"href":"https:\/\/www.luzern-potsdam.ch\/index.php?rest_route=\/wp\/v2\/pages"}],"about":[{"href":"https:\/\/www.luzern-potsdam.ch\/index.php?rest_route=\/wp\/v2\/types\/page"}],"author":[{"embeddable":true,"href":"https:\/\/www.luzern-potsdam.ch\/index.php?rest_route=\/wp\/v2\/users\/1"}],"replies":[{"embeddable":true,"href":"https:\/\/www.luzern-potsdam.ch\/index.php?rest_route=%2Fwp%2Fv2%2Fcomments&post=22"}],"version-history":[{"count":52,"href":"https:\/\/www.luzern-potsdam.ch\/index.php?rest_route=\/wp\/v2\/pages\/22\/revisions"}],"predecessor-version":[{"id":1252,"href":"https:\/\/www.luzern-potsdam.ch\/index.php?rest_route=\/wp\/v2\/pages\/22\/revisions\/1252"}],"wp:attachment":[{"href":"https:\/\/www.luzern-potsdam.ch\/index.php?rest_route=%2Fwp%2Fv2%2Fmedia&parent=22"}],"curies":[{"name":"wp","href":"https:\/\/api.w.org\/{rel}","templated":true}]}}