{"id":344,"date":"2021-04-29T10:05:07","date_gmt":"2021-04-29T08:05:07","guid":{"rendered":"https:\/\/www.luzern-potsdam.ch\/?page_id=344"},"modified":"2021-10-24T22:20:00","modified_gmt":"2021-10-24T20:20:00","slug":"mitglied-werden","status":"publish","type":"page","link":"https:\/\/www.luzern-potsdam.ch\/?page_id=344","title":{"rendered":"Mitglied werden"},"content":{"rendered":"\t\t<div data-elementor-type=\"wp-page\" data-elementor-id=\"344\" class=\"elementor elementor-344\">\n\t\t\t\t\t\t\t\t\t<section class=\"elementor-section elementor-top-section elementor-element elementor-element-b1d66f4 elementor-section-boxed elementor-section-height-default elementor-section-height-default\" data-id=\"b1d66f4\" data-element_type=\"section\">\n\t\t\t\t\t\t<div class=\"elementor-container elementor-column-gap-default\">\n\t\t\t\t\t<div class=\"elementor-column elementor-col-100 elementor-top-column elementor-element elementor-element-0c6da91\" data-id=\"0c6da91\" data-element_type=\"column\">\n\t\t\t<div class=\"elementor-widget-wrap elementor-element-populated\">\n\t\t\t\t\t\t\t\t<div class=\"elementor-element elementor-element-7fd7dd7 elementor-widget elementor-widget-text-editor\" data-id=\"7fd7dd7\" data-element_type=\"widget\" data-widget_type=\"text-editor.default\">\n\t\t\t\t<div class=\"elementor-widget-container\">\n\t\t\t\t\t\t\t<p>Wir w\u00fcrden uns freuen, Sie als neues Mitglied im Verein St\u00e4dtepartnerschaft Luzern-Potsdam begr\u00fcssen zu d\u00fcrfen.\n<\/p>\n<p>\nF\u00fcllen Sie bitte folgendes Anmeldeformular aus und senden Sie es an <a href=\"mailto:info@luzern-potsdam.ch\">info@luzern-potsdam.ch<\/a><\/p>\t\t\t\t\t\t<\/div>\n\t\t\t\t<\/div>\n\t\t\t\t\t<\/div>\n\t\t<\/div>\n\t\t\t\t\t\t\t<\/div>\n\t\t<\/section>\n\t\t\t\t<article class=\"elementor-section elementor-top-section elementor-element elementor-element-300c5c9 elementor-section-boxed elementor-section-height-default elementor-section-height-default\" data-id=\"300c5c9\" data-element_type=\"section\">\n\t\t\t\t\t\t<div class=\"elementor-container elementor-column-gap-default\">\n\t\t\t\t\t<div class=\"elementor-column elementor-col-100 elementor-top-column elementor-element elementor-element-f933920\" data-id=\"f933920\" data-element_type=\"column\">\n\t\t\t<div class=\"elementor-widget-wrap elementor-element-populated\">\n\t\t\t\t\t\t\t\t<div class=\"elementor-element elementor-element-7a19611 elementor-widget elementor-widget-image\" data-id=\"7a19611\" data-element_type=\"widget\" data-widget_type=\"image.default\">\n\t\t\t\t<div class=\"elementor-widget-container\">\n\t\t\t\t\t\t\t\t\t\t\t\t\t\t\t\t<a href=\"https:\/\/www.luzern-potsdam.ch\/wp-content\/uploads\/2021\/05\/MitgliedVerein-1.pdf\">\n\t\t\t\t\t\t\t<img loading=\"lazy\" decoding=\"async\" width=\"800\" height=\"1131\" src=\"https:\/\/www.luzern-potsdam.ch\/wp-content\/uploads\/2021\/05\/MitgliedVerein-800x1131.png\" class=\"attachment-post-thumbnail size-post-thumbnail wp-image-439\" alt=\"\" srcset=\"https:\/\/www.luzern-potsdam.ch\/wp-content\/uploads\/2021\/05\/MitgliedVerein-800x1131.png 800w, https:\/\/www.luzern-potsdam.ch\/wp-content\/uploads\/2021\/05\/MitgliedVerein-212x300.png 212w, https:\/\/www.luzern-potsdam.ch\/wp-content\/uploads\/2021\/05\/MitgliedVerein-724x1024.png 724w, https:\/\/www.luzern-potsdam.ch\/wp-content\/uploads\/2021\/05\/MitgliedVerein-141x200.png 141w, https:\/\/www.luzern-potsdam.ch\/wp-content\/uploads\/2021\/05\/MitgliedVerein-768x1086.png 768w, https:\/\/www.luzern-potsdam.ch\/wp-content\/uploads\/2021\/05\/MitgliedVerein-1086x1536.png 1086w, https:\/\/www.luzern-potsdam.ch\/wp-content\/uploads\/2021\/05\/MitgliedVerein-1448x2048.png 1448w\" sizes=\"auto, (max-width: 800px) 100vw, 800px\" \/>\t\t\t\t\t\t\t\t<\/a>\n\t\t\t\t\t\t\t\t\t\t\t\t\t\t\t<\/div>\n\t\t\t\t<\/div>\n\t\t\t\t\t<\/div>\n\t\t<\/div>\n\t\t\t\t\t\t\t<\/div>\n\t\t<\/article>\n\t\t\t\t<section class=\"elementor-section elementor-top-section elementor-element elementor-element-a296000 elementor-section-boxed elementor-section-height-default elementor-section-height-default\" data-id=\"a296000\" data-element_type=\"section\">\n\t\t\t\t\t\t<div class=\"elementor-container elementor-column-gap-default\">\n\t\t\t\t\t<div class=\"elementor-column elementor-col-100 elementor-top-column elementor-element elementor-element-85e0135\" data-id=\"85e0135\" data-element_type=\"column\">\n\t\t\t<div class=\"elementor-widget-wrap elementor-element-populated\">\n\t\t\t\t\t\t\t\t<div class=\"elementor-element elementor-element-e388b1c elementor-widget elementor-widget-button\" data-id=\"e388b1c\" data-element_type=\"widget\" data-widget_type=\"button.default\">\n\t\t\t\t<div class=\"elementor-widget-container\">\n\t\t\t\t\t<div class=\"elementor-button-wrapper\">\n\t\t\t<a href=\"#\" class=\"elementor-button-link elementor-button elementor-size-sm\" role=\"button\">\n\t\t\t\t\t\t<span class=\"elementor-button-content-wrapper\">\n\t\t\t\t\t\t\t<span class=\"elementor-button-icon elementor-align-icon-left\">\n\t\t\t\t<i aria-hidden=\"true\" class=\"far fa-edit\"><\/i>\t\t\t<\/span>\n\t\t\t\t\t\t<span class=\"elementor-button-text\">Anmeldeformular<\/span>\n\t\t<\/span>\n\t\t\t\t\t<\/a>\n\t\t<\/div>\n\t\t\t\t<\/div>\n\t\t\t\t<\/div>\n\t\t\t\t\t<\/div>\n\t\t<\/div>\n\t\t\t\t\t\t\t<\/div>\n\t\t<\/section>\n\t\t\t\t\t\t\t<\/div>\n\t\t","protected":false},"excerpt":{"rendered":"<p>Wir bieten unseren Mitgliedern Informationen und Kontakte zu Potsdam, zur Stadt, ihren Menschen und ihrer Umgebung Reisen nach Potsdam Kultur: Besichtigungen, Theater-, Ausstellungs- und Kinobesuche Wir w\u00fcrden uns freuen, Sie als neues Mitglied im Verein St\u00e4dtepartnerschaft Luzern-Potsdam begr\u00fcssen zu d\u00fcrfen. F\u00fcllen Sie bitte folgendes Anmeldeformular aus oder laden Sie das pdf-Formular herunter. Anmeldeformular<\/p>\n","protected":false},"author":1,"featured_media":0,"parent":0,"menu_order":0,"comment_status":"closed","ping_status":"closed","template":"elementor_theme","meta":{"footnotes":""},"class_list":["post-344","page","type-page","status-publish","hentry"],"_links":{"self":[{"href":"https:\/\/www.luzern-potsdam.ch\/index.php?rest_route=\/wp\/v2\/pages\/344","targetHints":{"allow":["GET"]}}],"collection":[{"href":"https:\/\/www.luzern-potsdam.ch\/index.php?rest_route=\/wp\/v2\/pages"}],"about":[{"href":"https:\/\/www.luzern-potsdam.ch\/index.php?rest_route=\/wp\/v2\/types\/page"}],"author":[{"embeddable":true,"href":"https:\/\/www.luzern-potsdam.ch\/index.php?rest_route=\/wp\/v2\/users\/1"}],"replies":[{"embeddable":true,"href":"https:\/\/www.luzern-potsdam.ch\/index.php?rest_route=%2Fwp%2Fv2%2Fcomments&post=344"}],"version-history":[{"count":22,"href":"https:\/\/www.luzern-potsdam.ch\/index.php?rest_route=\/wp\/v2\/pages\/344\/revisions"}],"predecessor-version":[{"id":511,"href":"https:\/\/www.luzern-potsdam.ch\/index.php?rest_route=\/wp\/v2\/pages\/344\/revisions\/511"}],"wp:attachment":[{"href":"https:\/\/www.luzern-potsdam.ch\/index.php?rest_route=%2Fwp%2Fv2%2Fmedia&parent=344"}],"curies":[{"name":"wp","href":"https:\/\/api.w.org\/{rel}","templated":true}]}}