{"id":386,"date":"2021-04-29T13:42:27","date_gmt":"2021-04-29T11:42:27","guid":{"rendered":"https:\/\/www.luzern-potsdam.ch\/?page_id=386"},"modified":"2021-05-04T19:14:38","modified_gmt":"2021-05-04T17:14:38","slug":"elementor-386","status":"publish","type":"page","link":"https:\/\/www.luzern-potsdam.ch\/?page_id=386","title":{"rendered":"Unterst\u00fctzung durch den Verein Luzern-Potsdam"},"content":{"rendered":"<h2>Gesuch zur Unterst\u00fctzung durch den Verein Luzern-Potsdam<\/h2>\n<p>Wir f\u00f6rdern:<br \/>\n&#8211; Sportanl\u00e4sse wie die Jugendolympiade Potsdam-<br \/>\nLuzern, Leichtathletik, Rudern, Fechten&#8230;<br \/>\n&#8211; Kulturaustausch von Musik, Theater, Kunst, Film<br \/>\n&#8211; Bildungspartnerschaften mit Universit\u00e4ten,<br \/>\nHochschulen, Gymnasien und Berufsschulen<\/p>\n<p>Der Verein kann Initiativen unterst\u00fctzen, welche die Zusammenarbeit zwischen den St\u00e4dten Potsdam und Luzern f\u00f6rdern.<br \/>\nFalls Sie ein solches Projekt verwirklichen m\u00f6chten, k\u00f6nnen Sie mit dem untenstehenden Formular eine Unterst\u00fctzung beantragen.<\/p>\n\n<div class=\"wpcf7 no-js\" id=\"wpcf7-f467-o1\" lang=\"de-DE\" dir=\"ltr\" data-wpcf7-id=\"467\">\n<div class=\"screen-reader-response\"><p role=\"status\" aria-live=\"polite\" aria-atomic=\"true\"><\/p> <ul><\/ul><\/div>\n<form action=\"\/index.php?rest_route=%2Fwp%2Fv2%2Fpages%2F386#wpcf7-f467-o1\" method=\"post\" class=\"wpcf7-form init\" aria-label=\"Kontaktformular\" enctype=\"multipart\/form-data\" novalidate=\"novalidate\" data-status=\"init\">\n<fieldset class=\"hidden-fields-container\"><input type=\"hidden\" name=\"_wpcf7\" value=\"467\" \/><input type=\"hidden\" name=\"_wpcf7_version\" value=\"6.1.5\" \/><input type=\"hidden\" name=\"_wpcf7_locale\" value=\"de_DE\" \/><input type=\"hidden\" name=\"_wpcf7_unit_tag\" value=\"wpcf7-f467-o1\" \/><input type=\"hidden\" name=\"_wpcf7_container_post\" value=\"0\" \/><input type=\"hidden\" name=\"_wpcf7_posted_data_hash\" value=\"\" \/><input type=\"hidden\" name=\"_wpcf7_recaptcha_response\" value=\"\" \/>\n<\/fieldset>\n<p>Angaben zur antragstellenden Organisation\n<\/p>\n<p><label> Name der Organisation<br \/>\n<span class=\"wpcf7-form-control-wrap\" data-name=\"Organisation\"><input size=\"40\" maxlength=\"400\" class=\"wpcf7-form-control wpcf7-text wpcf7-validates-as-required\" aria-required=\"true\" aria-invalid=\"false\" value=\"\" type=\"text\" name=\"Organisation\" \/><\/span> <\/label><br \/>\nIst die Organisation gemeinn\u00fctzig?<br \/>\n<span class=\"wpcf7-form-control-wrap\" data-name=\"Gemeinnuetzigkeit\"><span class=\"wpcf7-form-control wpcf7-radio\"><span class=\"wpcf7-list-item first\"><label><input type=\"radio\" name=\"Gemeinnuetzigkeit\" value=\"ja\" checked=\"checked\" \/><span class=\"wpcf7-list-item-label\">ja<\/span><\/label><\/span><span class=\"wpcf7-list-item last\"><label><input type=\"radio\" name=\"Gemeinnuetzigkeit\" value=\"nein\" \/><span class=\"wpcf7-list-item-label\">nein<\/span><\/label><\/span><\/span><\/span>\n<\/p>\n<p>Angaben zum\/r Projektverantwortlichen\/r\n<\/p>\n<p><label> Name\/Vorname<br \/>\n<span class=\"wpcf7-form-control-wrap\" data-name=\"your-name\"><input size=\"40\" maxlength=\"400\" class=\"wpcf7-form-control wpcf7-text wpcf7-validates-as-required\" aria-required=\"true\" aria-invalid=\"false\" value=\"\" type=\"text\" name=\"your-name\" \/><\/span> <\/label><br \/>\n<label> Funktion im Projekt<br \/>\n<span class=\"wpcf7-form-control-wrap\" data-name=\"function\"><input size=\"40\" maxlength=\"400\" class=\"wpcf7-form-control wpcf7-text wpcf7-validates-as-required\" aria-required=\"true\" aria-invalid=\"false\" value=\"\" type=\"text\" name=\"function\" \/><\/span> <\/label><br \/>\n<label> Adresse<br \/>\n<span class=\"wpcf7-form-control-wrap\" data-name=\"adress\"><input size=\"40\" maxlength=\"400\" class=\"wpcf7-form-control wpcf7-text wpcf7-validates-as-required\" aria-required=\"true\" aria-invalid=\"false\" value=\"\" type=\"text\" name=\"adress\" \/><\/span> <\/label><br \/>\n<label> E-Mail-Adresse<br \/>\n<span class=\"wpcf7-form-control-wrap\" data-name=\"your-email\"><input size=\"40\" maxlength=\"400\" class=\"wpcf7-form-control wpcf7-email wpcf7-validates-as-required wpcf7-text wpcf7-validates-as-email\" aria-required=\"true\" aria-invalid=\"false\" value=\"\" type=\"email\" name=\"your-email\" \/><\/span> <\/label>\n<\/p>\n<p>Angaben zum Projekt\n<\/p>\n<p><label> Projekttitel<br \/>\n<span class=\"wpcf7-form-control-wrap\" data-name=\"project\"><input size=\"40\" maxlength=\"400\" class=\"wpcf7-form-control wpcf7-text wpcf7-validates-as-required\" aria-required=\"true\" aria-invalid=\"false\" value=\"\" type=\"text\" name=\"project\" \/><\/span> <\/label><br \/>\n<label> Kurzbeschrieb des Projekts<br \/>\n<span class=\"wpcf7-form-control-wrap\" data-name=\"abstract\"><input size=\"40\" maxlength=\"400\" class=\"wpcf7-form-control wpcf7-text wpcf7-validates-as-required\" aria-required=\"true\" aria-invalid=\"false\" value=\"\" type=\"text\" name=\"abstract\" \/><\/span> <\/label><br \/>\n<label> Beantragte Summe<br \/>\n<span class=\"wpcf7-form-control-wrap\" data-name=\"budget\"><input size=\"40\" maxlength=\"400\" class=\"wpcf7-form-control wpcf7-text wpcf7-validates-as-required\" aria-required=\"true\" aria-invalid=\"false\" value=\"\" type=\"text\" name=\"budget\" \/><\/span> <\/label>\n<\/p>\n<p>Dokumente wie detailliertes Budget und Projektbeschrieb (pdf-Format)<br \/>\n<span class=\"wpcf7-form-control-wrap\" data-name=\"Anhaenge\"><input size=\"40\" class=\"wpcf7-form-control wpcf7-file\" accept=\".pdf\" aria-invalid=\"false\" type=\"file\" name=\"Anhaenge\" \/><\/span>\n<\/p>\n<p><input class=\"wpcf7-form-control wpcf7-submit has-spinner\" type=\"submit\" value=\"Senden\" \/>\n<\/p><div class=\"wpcf7-response-output\" aria-hidden=\"true\"><\/div>\n<\/form>\n<\/div>\n\n","protected":false},"excerpt":{"rendered":"<p>Gesuch zur Unterst\u00fctzung durch den Verein Luzern-Potsdam Wir f\u00f6rdern: &#8211; Sportanl\u00e4sse wie die Jugendolympiade Potsdam- Luzern, Leichtathletik, Rudern, Fechten&#8230; &#8211; Kulturaustausch von Musik, Theater, Kunst, Film &#8211; Bildungspartnerschaften mit Universit\u00e4ten, Hochschulen, Gymnasien und Berufsschulen Der Verein kann Initiativen unterst\u00fctzen, welche die Zusammenarbeit zwischen den St\u00e4dten Potsdam und Luzern f\u00f6rdern. Falls Sie ein solches Projekt verwirklichen m\u00f6chten, k\u00f6nnen Sie mit dem<\/p>\n<p><a class=\"more-link\" href=\"https:\/\/www.luzern-potsdam.ch\/?page_id=386\">Weiterlesen<\/a><\/p>\n","protected":false},"author":2,"featured_media":0,"parent":0,"menu_order":0,"comment_status":"closed","ping_status":"closed","template":"","meta":{"footnotes":""},"class_list":["post-386","page","type-page","status-publish","hentry"],"_links":{"self":[{"href":"https:\/\/www.luzern-potsdam.ch\/index.php?rest_route=\/wp\/v2\/pages\/386","targetHints":{"allow":["GET"]}}],"collection":[{"href":"https:\/\/www.luzern-potsdam.ch\/index.php?rest_route=\/wp\/v2\/pages"}],"about":[{"href":"https:\/\/www.luzern-potsdam.ch\/index.php?rest_route=\/wp\/v2\/types\/page"}],"author":[{"embeddable":true,"href":"https:\/\/www.luzern-potsdam.ch\/index.php?rest_route=\/wp\/v2\/users\/2"}],"replies":[{"embeddable":true,"href":"https:\/\/www.luzern-potsdam.ch\/index.php?rest_route=%2Fwp%2Fv2%2Fcomments&post=386"}],"version-history":[{"count":23,"href":"https:\/\/www.luzern-potsdam.ch\/index.php?rest_route=\/wp\/v2\/pages\/386\/revisions"}],"predecessor-version":[{"id":471,"href":"https:\/\/www.luzern-potsdam.ch\/index.php?rest_route=\/wp\/v2\/pages\/386\/revisions\/471"}],"wp:attachment":[{"href":"https:\/\/www.luzern-potsdam.ch\/index.php?rest_route=%2Fwp%2Fv2%2Fmedia&parent=386"}],"curies":[{"name":"wp","href":"https:\/\/api.w.org\/{rel}","templated":true}]}}